{"id":71,"date":"2020-12-11T20:45:50","date_gmt":"2020-12-11T19:45:50","guid":{"rendered":"http:\/\/asc.sciencespo-lille.eu\/?page_id=71"},"modified":"2023-12-09T14:09:56","modified_gmt":"2023-12-09T13:09:56","slug":"temoignages-detudiants-et-etudiantes-de-la-majeure-asc","status":"publish","type":"page","link":"https:\/\/asc.sciencespo-lille.eu\/index.php\/temoignages-detudiants-et-etudiantes-de-la-majeure-asc\/","title":{"rendered":"T\u00e9moignages d&rsquo;\u00e9tudiants et \u00e9tudiantes de la majeure ASC"},"content":{"rendered":"\n<div class=\"wp-block-image\"><figure class=\"aligncenter size-large is-resized\"><img loading=\"lazy\" decoding=\"async\" src=\"http:\/\/asc.sciencespo-lille.eu\/wp-content\/uploads\/2020\/12\/Temoignage-ASC-1.png\" alt=\"\" class=\"wp-image-158\" width=\"150\" height=\"150\" srcset=\"https:\/\/asc.sciencespo-lille.eu\/wp-content\/uploads\/2020\/12\/Temoignage-ASC-1.png 500w, https:\/\/asc.sciencespo-lille.eu\/wp-content\/uploads\/2020\/12\/Temoignage-ASC-1-300x300.png 300w, https:\/\/asc.sciencespo-lille.eu\/wp-content\/uploads\/2020\/12\/Temoignage-ASC-1-150x150.png 150w\" sizes=\"auto, (max-width: 150px) 100vw, 150px\" \/><\/figure><\/div>\n\n\n\n<figure class=\"wp-block-embed is-type-video is-provider-youtube wp-block-embed-youtube wp-embed-aspect-16-9 wp-has-aspect-ratio\"><div class=\"wp-block-embed__wrapper\">\n<p class=\"responsive-video-wrap clr\"><iframe loading=\"lazy\" title=\"Cycle master - majeure &quot;Analyse des soci\u00e9t\u00e9s contemporaines&quot; (ASC)\" width=\"1200\" height=\"675\" src=\"https:\/\/www.youtube.com\/embed\/B8RK_NesS0g?feature=oembed\" frameborder=\"0\" allow=\"accelerometer; autoplay; clipboard-write; encrypted-media; gyroscope; picture-in-picture; web-share\" allowfullscreen><\/iframe><\/p>\n<\/div><\/figure>\n\n\n\n<hr class=\"wp-block-separator is-style-wide\"\/>\n\n\n\n<div style=\"height:34px\" aria-hidden=\"true\" class=\"wp-block-spacer\"><\/div>\n\n\n\n<h2 class=\"wp-block-heading\">Ils \u00e9taient en ASC<\/h2>\n\n\n\n<blockquote class=\"wp-block-quote is-layout-flow wp-block-quote-is-layout-flow\"><p>\u00ab\u00a0Je me suis naturellement dirig\u00e9e vers le master Analyse des Soci\u00e9t\u00e9s Contemporaines (ASC) \u00e0 la suite de ma troisi\u00e8me ann\u00e9e \u00e0 Sciences Po Lille, dans la mesure o\u00f9 je souhaitais m\u2019orienter vers les m\u00e9tiers de l\u2019enseignement et de la recherche. <\/p><p>Ce choix de master a confirm\u00e9 mon envie de poursuivre dans cette voie ; les enseignements dispens\u00e9s lors de cette ann\u00e9e sont pluridisciplinaires, ce qui nous permet de parcourir les diff\u00e9rents d\u00e9bats qui traversent les sciences sociales tout au long de l\u2019ann\u00e9e.<\/p><p>Le cours de Sociologie contemporaine, ax\u00e9 sur l\u2019\u00e9tude des rapports sociaux de domination, m\u2019a particuli\u00e8rement marqu\u00e9e, au point de r\u00e9aliser mon m\u00e9moire de recherche sur la (re)production d\u2019un corps l\u00e9gitime (\u00e0 travers l\u2019exemple de l\u2019h\u00f4tessariat) au croisement de la sociologie du corps et de la domination. <\/p><p>Le stage de terrain est pour moi le gros plus de ce master : on a la chance d\u2019endosser le r\u00f4le d\u2019apprenti.e chercheur.euse pendant tout une semaine, entour\u00e9.es d\u2019enseignant.es et de doctorant.es. <\/p><p>Finalement, ce master a \u00e9t\u00e9 une parfaite entr\u00e9e en mati\u00e8re pour la pr\u00e9paration \u00e0 l&rsquo;Agr\u00e9gation de Sciences \u00c9conomiques et Sociales propos\u00e9e par Sciences Po Lille en partenariat avec l&rsquo;universit\u00e9 de Lille que j\u2019ai ensuite int\u00e9gr\u00e9 !\u00a0\u00bb<\/p><cite>Charlotte Leveel &#8211; ASC promotion 2022<\/cite><\/blockquote>\n\n\n\n<div style=\"height:36px\" aria-hidden=\"true\" class=\"wp-block-spacer\"><\/div>\n\n\n\n<blockquote class=\"wp-block-quote is-layout-flow wp-block-quote-is-layout-flow\"><p>\u00ab\u00a0Je suis Sami Porko-Beugnet dipl\u00f4m\u00e9 de la premi\u00e8re promotion d\u2019ASC (2022). Passionn\u00e9 par les Sciences Sociales, j\u2019ai eu la chance de voir ce Master ouvrir pour ma rentr\u00e9e en 4\u00e8me ann\u00e9e. <\/p><p>Le M1 offre une formation solide en m\u00e9thodes qualitatives, ainsi qu\u2019une approche empirique utile sur les multiples disciplines des Sciences Sociales. Au cours de mon M1, j\u2019ai d\u00e9velopp\u00e9 un int\u00e9r\u00eat grandissant pour les questions de sociologie \u00e9conomique. <\/p><p>Dans une volont\u00e9 de poursuivre avec un M2 davantage sp\u00e9cialis\u00e9 sur ces enjeux, j\u2019ai continu\u00e9 l\u2019ann\u00e9e suivante dans le Master Economy and Society de la London School of Economics (LSE). Cela m\u2019a permis de me sp\u00e9cialiser sur des questions li\u00e9es \u00e0 la sociologie de la finance, au risque \u00e9conomique et climatique. <\/p><p>Je travaille depuis septembre 2023 chez Acterra, un cabinet de conseil et ing\u00e9nierie en adaptation au changement climatique. Je fais principalement de la recherche appliqu\u00e9e sur des projets europ\u00e9ens de financement de l\u2019adaptation. J\u2019envisage encore la possibilit\u00e9 de poursuivre en doctorat en socio-\u00e9conomie dans le futur.\u00a0\u00bb<\/p><cite>Sami Porko-Beugnet &#8211; ASC promotion 2022<\/cite><\/blockquote>\n\n\n\n<p><\/p>\n","protected":false},"excerpt":{"rendered":"<p>Ils \u00e9taient en ASC \u00ab\u00a0Je me suis naturellement dirig\u00e9e vers le master Analyse des Soci\u00e9t\u00e9s Contemporaines (ASC) \u00e0 la suite de ma troisi\u00e8me ann\u00e9e \u00e0 Sciences Po Lille, dans la mesure o\u00f9 je souhaitais m\u2019orienter vers les m\u00e9tiers de l\u2019enseignement et de la recherche. Ce choix de master a confirm\u00e9 mon envie de poursuivre dans [&hellip;]<\/p>\n","protected":false},"author":1,"featured_media":0,"parent":0,"menu_order":0,"comment_status":"closed","ping_status":"closed","template":"","meta":{"_seopress_robots_primary_cat":"","_seopress_titles_title":"","_seopress_titles_desc":"","_seopress_robots_index":"","ocean_post_layout":"","ocean_both_sidebars_style":"","ocean_both_sidebars_content_width":0,"ocean_both_sidebars_sidebars_width":0,"ocean_sidebar":"0","ocean_second_sidebar":"0","ocean_disable_margins":"enable","ocean_add_body_class":"","ocean_shortcode_before_top_bar":"","ocean_shortcode_after_top_bar":"","ocean_shortcode_before_header":"","ocean_shortcode_after_header":"","ocean_has_shortcode":"","ocean_shortcode_after_title":"","ocean_shortcode_before_footer_widgets":"","ocean_shortcode_after_footer_widgets":"","ocean_shortcode_before_footer_bottom":"","ocean_shortcode_after_footer_bottom":"","ocean_display_top_bar":"default","ocean_display_header":"default","ocean_header_style":"","ocean_center_header_left_menu":"0","ocean_custom_header_template":"0","ocean_custom_logo":0,"ocean_custom_retina_logo":0,"ocean_custom_logo_max_width":0,"ocean_custom_logo_tablet_max_width":0,"ocean_custom_logo_mobile_max_width":0,"ocean_custom_logo_max_height":0,"ocean_custom_logo_tablet_max_height":0,"ocean_custom_logo_mobile_max_height":0,"ocean_header_custom_menu":"0","ocean_menu_typo_font_family":"0","ocean_menu_typo_font_subset":"","ocean_menu_typo_font_size":0,"ocean_menu_typo_font_size_tablet":0,"ocean_menu_typo_font_size_mobile":0,"ocean_menu_typo_font_size_unit":"px","ocean_menu_typo_font_weight":"","ocean_menu_typo_font_weight_tablet":"","ocean_menu_typo_font_weight_mobile":"","ocean_menu_typo_transform":"","ocean_menu_typo_transform_tablet":"","ocean_menu_typo_transform_mobile":"","ocean_menu_typo_line_height":0,"ocean_menu_typo_line_height_tablet":0,"ocean_menu_typo_line_height_mobile":0,"ocean_menu_typo_line_height_unit":"","ocean_menu_typo_spacing":0,"ocean_menu_typo_spacing_tablet":0,"ocean_menu_typo_spacing_mobile":0,"ocean_menu_typo_spacing_unit":"","ocean_menu_link_color":"","ocean_menu_link_color_hover":"","ocean_menu_link_color_active":"","ocean_menu_link_background":"","ocean_menu_link_hover_background":"","ocean_menu_link_active_background":"","ocean_menu_social_links_bg":"","ocean_menu_social_hover_links_bg":"","ocean_menu_social_links_color":"","ocean_menu_social_hover_links_color":"","ocean_disable_title":"default","ocean_disable_heading":"default","ocean_post_title":"","ocean_post_subheading":"","ocean_post_title_style":"","ocean_post_title_background_color":"","ocean_post_title_background":0,"ocean_post_title_bg_image_position":"","ocean_post_title_bg_image_attachment":"","ocean_post_title_bg_image_repeat":"","ocean_post_title_bg_image_size":"","ocean_post_title_height":0,"ocean_post_title_bg_overlay":0.5,"ocean_post_title_bg_overlay_color":"","ocean_disable_breadcrumbs":"default","ocean_breadcrumbs_color":"","ocean_breadcrumbs_separator_color":"","ocean_breadcrumbs_links_color":"","ocean_breadcrumbs_links_hover_color":"","ocean_display_footer_widgets":"default","ocean_display_footer_bottom":"default","ocean_custom_footer_template":"0","footnotes":""},"class_list":["post-71","page","type-page","status-publish","hentry","entry"],"_links":{"self":[{"href":"https:\/\/asc.sciencespo-lille.eu\/index.php\/wp-json\/wp\/v2\/pages\/71","targetHints":{"allow":["GET"]}}],"collection":[{"href":"https:\/\/asc.sciencespo-lille.eu\/index.php\/wp-json\/wp\/v2\/pages"}],"about":[{"href":"https:\/\/asc.sciencespo-lille.eu\/index.php\/wp-json\/wp\/v2\/types\/page"}],"author":[{"embeddable":true,"href":"https:\/\/asc.sciencespo-lille.eu\/index.php\/wp-json\/wp\/v2\/users\/1"}],"replies":[{"embeddable":true,"href":"https:\/\/asc.sciencespo-lille.eu\/index.php\/wp-json\/wp\/v2\/comments?post=71"}],"version-history":[{"count":15,"href":"https:\/\/asc.sciencespo-lille.eu\/index.php\/wp-json\/wp\/v2\/pages\/71\/revisions"}],"predecessor-version":[{"id":386,"href":"https:\/\/asc.sciencespo-lille.eu\/index.php\/wp-json\/wp\/v2\/pages\/71\/revisions\/386"}],"wp:attachment":[{"href":"https:\/\/asc.sciencespo-lille.eu\/index.php\/wp-json\/wp\/v2\/media?parent=71"}],"curies":[{"name":"wp","href":"https:\/\/api.w.org\/{rel}","templated":true}]}}