{"id":22,"date":"2020-12-09T10:28:58","date_gmt":"2020-12-09T09:28:58","guid":{"rendered":"http:\/\/asc.sciencespo-lille.eu\/?page_id=22"},"modified":"2021-03-13T17:36:01","modified_gmt":"2021-03-13T16:36:01","slug":"faq","status":"publish","type":"page","link":"https:\/\/asc.sciencespo-lille.eu\/index.php\/faq\/","title":{"rendered":"FAQ"},"content":{"rendered":"\n<h2 class=\"has-text-align-center wp-block-heading\">Foire aux Questions<\/h2>\n\n\n\n<div class=\"wp-block-image\"><figure class=\"aligncenter size-large is-resized\"><img loading=\"lazy\" decoding=\"async\" src=\"http:\/\/asc.sciencespo-lille.eu\/wp-content\/uploads\/2020\/12\/FAQ-ASC.png\" alt=\"\" class=\"wp-image-156\" width=\"150\" height=\"150\" srcset=\"https:\/\/asc.sciencespo-lille.eu\/wp-content\/uploads\/2020\/12\/FAQ-ASC.png 500w, https:\/\/asc.sciencespo-lille.eu\/wp-content\/uploads\/2020\/12\/FAQ-ASC-300x300.png 300w, https:\/\/asc.sciencespo-lille.eu\/wp-content\/uploads\/2020\/12\/FAQ-ASC-150x150.png 150w\" sizes=\"auto, (max-width: 150px) 100vw, 150px\" \/><\/figure><\/div>\n\n\n\n<p class=\"has-medium-font-size\"><strong>Est-il possible de poursuivre sa cinqui\u00e8me ann\u00e9e \u00e0 l\u2019\u00e9tranger ?<\/strong><\/p>\n\n\n\n<div class=\"wp-block-group\"><div class=\"wp-block-group__inner-container is-layout-flow wp-block-group-is-layout-flow\">\n<p>Oui, d\u00e8s lors qu&rsquo;il s&rsquo;agit d&rsquo;un master recherche. <\/p>\n<\/div><\/div>\n\n\n\n<div style=\"height:30px\" aria-hidden=\"true\" class=\"wp-block-spacer\"><\/div>\n\n\n\n<p class=\"has-medium-font-size\"><strong>La majeure ASC peut-elle permettre d\u2019int\u00e9grer une \u00e9cole de journalisme ?<\/strong><\/p>\n\n\n\n<p>Oui, il est possible de poursuivre des \u00e9tudes de journalisme en 5\u00e8me ann\u00e9e ou de recandidater pour le master ESJ-Sciences Po Lille si vous ne l&rsquo;avez pas obtenu dans un premier temps.<\/p>\n\n\n\n<div style=\"height:30px\" aria-hidden=\"true\" class=\"wp-block-spacer\"><\/div>\n\n\n\n<p class=\"has-medium-font-size\"><strong>Peut-on faire un stage en 4\u00e8me ann\u00e9e (niveau M1) ?<\/strong><\/p>\n\n\n\n<p>Oui, il est possible de r\u00e9aliser un stage optionnel \u00e0 la fin de la quatri\u00e8me ann\u00e9e, une fois le m\u00e9moire soutenu et les examens termin\u00e9s (entre les mois de mai et ao\u00fbt). Ce stage \u00e9tant optionnel, il n\u2019est pas associ\u00e9 \u00e0 des ECTS et ne n\u00e9cessite pas la production d\u2019un rapport, \u00e0 la diff\u00e9rence du stage obligatoire de 5\u00e8me ann\u00e9e.<\/p>\n\n\n\n<div style=\"height:30px\" aria-hidden=\"true\" class=\"wp-block-spacer\"><\/div>\n\n\n\n<p class=\"has-medium-font-size\"><strong>Quelles sont les comp\u00e9tences requises durant l&rsquo;oral d&rsquo;admission ? Des pr\u00e9requis sont-ils exig\u00e9s pour int\u00e9grer la majeure ? <\/strong><\/p>\n\n\n\n<p>L\u2019objectif premier de cet entretien est de v\u00e9rifier l\u2019ad\u00e9quation de votre projet professionnel avec l\u2019identit\u00e9 de la formation et ses d\u00e9bouch\u00e9s. Il est aussi attendu des candidates et des candidats qu\u2019ils et elles s\u2019int\u00e9ressent \u00e0 l\u2019actualit\u00e9 politique, \u00e9conomique et sociale, mais pas seulement. Les (futurs) \u00e9tudiants et \u00e9tudiantes de Sciences Po doivent avoir une vraie curiosit\u00e9 sur le monde qui les entoure ! Le jury peut ainsi ouvrir une discussion sur l\u2019actualit\u00e9 du moment. S\u2019il ne s\u2019agit pas d\u2019un pr\u00e9requis \u00e0 proprement parler, les candidates et candidats doivent t\u00e9moigner \u00e9galement d\u2019un r\u00e9el int\u00e9r\u00eat tant acad\u00e9mique que pratique (investissement associatif, stage, autre activit\u00e9) dans les probl\u00e9matiques abord\u00e9es par la majeure ou ses d\u00e9bouch\u00e9s.<\/p>\n","protected":false},"excerpt":{"rendered":"<p>Foire aux Questions Est-il possible de poursuivre sa cinqui\u00e8me ann\u00e9e \u00e0 l\u2019\u00e9tranger ? Oui, d\u00e8s lors qu&rsquo;il s&rsquo;agit d&rsquo;un master recherche. La majeure ASC peut-elle permettre d\u2019int\u00e9grer une \u00e9cole de journalisme ? Oui, il est possible de poursuivre des \u00e9tudes de journalisme en 5\u00e8me ann\u00e9e ou de recandidater pour le master ESJ-Sciences Po Lille si [&hellip;]<\/p>\n","protected":false},"author":1,"featured_media":0,"parent":0,"menu_order":0,"comment_status":"closed","ping_status":"closed","template":"","meta":{"_seopress_robots_primary_cat":"","_seopress_titles_title":"","_seopress_titles_desc":"","_seopress_robots_index":"","ocean_post_layout":"","ocean_both_sidebars_style":"","ocean_both_sidebars_content_width":0,"ocean_both_sidebars_sidebars_width":0,"ocean_sidebar":"","ocean_second_sidebar":"","ocean_disable_margins":"enable","ocean_add_body_class":"","ocean_shortcode_before_top_bar":"","ocean_shortcode_after_top_bar":"","ocean_shortcode_before_header":"","ocean_shortcode_after_header":"","ocean_has_shortcode":"","ocean_shortcode_after_title":"","ocean_shortcode_before_footer_widgets":"","ocean_shortcode_after_footer_widgets":"","ocean_shortcode_before_footer_bottom":"","ocean_shortcode_after_footer_bottom":"","ocean_display_top_bar":"default","ocean_display_header":"default","ocean_header_style":"","ocean_center_header_left_menu":"","ocean_custom_header_template":"","ocean_custom_logo":0,"ocean_custom_retina_logo":0,"ocean_custom_logo_max_width":0,"ocean_custom_logo_tablet_max_width":0,"ocean_custom_logo_mobile_max_width":0,"ocean_custom_logo_max_height":0,"ocean_custom_logo_tablet_max_height":0,"ocean_custom_logo_mobile_max_height":0,"ocean_header_custom_menu":"","ocean_menu_typo_font_family":"","ocean_menu_typo_font_subset":"","ocean_menu_typo_font_size":0,"ocean_menu_typo_font_size_tablet":0,"ocean_menu_typo_font_size_mobile":0,"ocean_menu_typo_font_size_unit":"px","ocean_menu_typo_font_weight":"","ocean_menu_typo_font_weight_tablet":"","ocean_menu_typo_font_weight_mobile":"","ocean_menu_typo_transform":"","ocean_menu_typo_transform_tablet":"","ocean_menu_typo_transform_mobile":"","ocean_menu_typo_line_height":0,"ocean_menu_typo_line_height_tablet":0,"ocean_menu_typo_line_height_mobile":0,"ocean_menu_typo_line_height_unit":"","ocean_menu_typo_spacing":0,"ocean_menu_typo_spacing_tablet":0,"ocean_menu_typo_spacing_mobile":0,"ocean_menu_typo_spacing_unit":"","ocean_menu_link_color":"","ocean_menu_link_color_hover":"","ocean_menu_link_color_active":"","ocean_menu_link_background":"","ocean_menu_link_hover_background":"","ocean_menu_link_active_background":"","ocean_menu_social_links_bg":"","ocean_menu_social_hover_links_bg":"","ocean_menu_social_links_color":"","ocean_menu_social_hover_links_color":"","ocean_disable_title":"default","ocean_disable_heading":"default","ocean_post_title":"","ocean_post_subheading":"","ocean_post_title_style":"","ocean_post_title_background_color":"","ocean_post_title_background":0,"ocean_post_title_bg_image_position":"","ocean_post_title_bg_image_attachment":"","ocean_post_title_bg_image_repeat":"","ocean_post_title_bg_image_size":"","ocean_post_title_height":0,"ocean_post_title_bg_overlay":0.5,"ocean_post_title_bg_overlay_color":"","ocean_disable_breadcrumbs":"default","ocean_breadcrumbs_color":"","ocean_breadcrumbs_separator_color":"","ocean_breadcrumbs_links_color":"","ocean_breadcrumbs_links_hover_color":"","ocean_display_footer_widgets":"default","ocean_display_footer_bottom":"default","ocean_custom_footer_template":"","footnotes":""},"class_list":["post-22","page","type-page","status-publish","hentry","entry"],"_links":{"self":[{"href":"https:\/\/asc.sciencespo-lille.eu\/index.php\/wp-json\/wp\/v2\/pages\/22","targetHints":{"allow":["GET"]}}],"collection":[{"href":"https:\/\/asc.sciencespo-lille.eu\/index.php\/wp-json\/wp\/v2\/pages"}],"about":[{"href":"https:\/\/asc.sciencespo-lille.eu\/index.php\/wp-json\/wp\/v2\/types\/page"}],"author":[{"embeddable":true,"href":"https:\/\/asc.sciencespo-lille.eu\/index.php\/wp-json\/wp\/v2\/users\/1"}],"replies":[{"embeddable":true,"href":"https:\/\/asc.sciencespo-lille.eu\/index.php\/wp-json\/wp\/v2\/comments?post=22"}],"version-history":[{"count":9,"href":"https:\/\/asc.sciencespo-lille.eu\/index.php\/wp-json\/wp\/v2\/pages\/22\/revisions"}],"predecessor-version":[{"id":234,"href":"https:\/\/asc.sciencespo-lille.eu\/index.php\/wp-json\/wp\/v2\/pages\/22\/revisions\/234"}],"wp:attachment":[{"href":"https:\/\/asc.sciencespo-lille.eu\/index.php\/wp-json\/wp\/v2\/media?parent=22"}],"curies":[{"name":"wp","href":"https:\/\/api.w.org\/{rel}","templated":true}]}}