{"id":13,"date":"2020-12-09T10:28:58","date_gmt":"2020-12-09T09:28:58","guid":{"rendered":"http:\/\/asc.sciencespo-lille.eu\/?page_id=13"},"modified":"2023-02-13T15:30:42","modified_gmt":"2023-02-13T14:30:42","slug":"etudiantes-et-etudiantes-externes-a-sciences-po-lille","status":"publish","type":"page","link":"https:\/\/asc.sciencespo-lille.eu\/index.php\/etudiantes-et-etudiantes-externes-a-sciences-po-lille\/","title":{"rendered":"\u00c9tudiantes et \u00e9tudiantes externes \u00e0 Sciences Po Lille"},"content":{"rendered":"\n<p>Une proc\u00e9dure d\u2019admission en cycle master est ouverte aux&nbsp;<strong>\u00e9tudiants ayant obtenu au moins 180 cr\u00e9dits ECTS et \u00e9quivalents<\/strong>, aux&nbsp;<strong>\u00e9tudiants titulaires d\u2019un dipl\u00f4me \u00ab&nbsp;Bac+3&nbsp;\u00bb<\/strong>&nbsp;ou&nbsp;<strong>susceptibles d\u2019obtenir ce dipl\u00f4me avant la date de rentr\u00e9e universitaire qui suit l\u2019examen.<\/strong><\/p>\n\n\n\n<p>Elle concerne notamment les titulaires d\u2019une Licence (ou d\u2019un niveau de dipl\u00f4me sup\u00e9rieur), les \u00e9l\u00e8ves ou dipl\u00f4m\u00e9s des \u00e9coles de commerce ou d\u2019ing\u00e9nieurs, les \u00e9l\u00e8ves des classes pr\u00e9paratoires aux grandes \u00e9coles qui y ont suivi trois ann\u00e9es de scolarit\u00e9 (\u00ab&nbsp;cubes&nbsp;\u00bb).<\/p>\n\n\n\n<p>Le nombre de places offertes est d\u00e9termin\u00e9 chaque ann\u00e9e en fonction des capacit\u00e9s d\u2019accueil de l\u2019\u00e9tablissement. <\/p>\n\n\n\n<hr class=\"wp-block-separator has-text-color has-background is-style-wide\" style=\"background-color:#e6e6e6;color:#e6e6e6\"\/>\n\n\n\n<div style=\"height:20px\" aria-hidden=\"true\" class=\"wp-block-spacer\"><\/div>\n\n\n\n<h3 class=\"wp-block-heading\"><strong><span class=\"has-inline-color has-black-color\">Le concours d\u2019entr\u00e9e directe en 4<sup>\u00e8me<\/sup>&nbsp;ann\u00e9e<\/span><\/strong><\/h3>\n\n\n\n<p>Pour conna\u00eetre les modalit\u00e9s du concours d\u2019entr\u00e9e de 4\u00e8me ainsi que le calendrier des \u00e9preuves,&nbsp;voir&nbsp;<a href=\"http:\/\/www.sciencespo-lille.eu\/integrer\/les-procedures-dadmission#cyclemaster\" target=\"_blank\" rel=\"noreferrer noopener\">ici<\/a>.<\/p>\n\n\n\n<hr class=\"wp-block-separator has-text-color has-background is-style-wide\" style=\"background-color:#e6e6e6;color:#e6e6e6\"\/>\n\n\n\n<div style=\"height:20px\" aria-hidden=\"true\" class=\"wp-block-spacer\"><\/div>\n\n\n\n<div style=\"height:30px\" aria-hidden=\"true\" class=\"wp-block-spacer\"><\/div>\n\n\n\n<p>Contact pour les questions concernant les proc\u00e9dures d\u2019admission :&nbsp;<strong><a href=\"mailto:admission@sciencespo-lille.eu\" target=\"_blank\" rel=\"noreferrer noopener\">admission@sciencespo-lille.eu<\/a><\/strong><\/p>\n","protected":false},"excerpt":{"rendered":"<p>Une proc\u00e9dure d\u2019admission en cycle master est ouverte aux&nbsp;\u00e9tudiants ayant obtenu au moins 180 cr\u00e9dits ECTS et \u00e9quivalents, aux&nbsp;\u00e9tudiants titulaires d\u2019un dipl\u00f4me \u00ab&nbsp;Bac+3&nbsp;\u00bb&nbsp;ou&nbsp;susceptibles d\u2019obtenir ce dipl\u00f4me avant la date de rentr\u00e9e universitaire qui suit l\u2019examen. Elle concerne notamment les titulaires d\u2019une Licence (ou d\u2019un niveau de dipl\u00f4me sup\u00e9rieur), les \u00e9l\u00e8ves ou dipl\u00f4m\u00e9s des \u00e9coles de [&hellip;]<\/p>\n","protected":false},"author":1,"featured_media":0,"parent":0,"menu_order":0,"comment_status":"closed","ping_status":"closed","template":"","meta":{"_seopress_robots_primary_cat":"","_seopress_titles_title":"","_seopress_titles_desc":"","_seopress_robots_index":"","ocean_post_layout":"","ocean_both_sidebars_style":"","ocean_both_sidebars_content_width":0,"ocean_both_sidebars_sidebars_width":0,"ocean_sidebar":"0","ocean_second_sidebar":"0","ocean_disable_margins":"enable","ocean_add_body_class":"","ocean_shortcode_before_top_bar":"","ocean_shortcode_after_top_bar":"","ocean_shortcode_before_header":"","ocean_shortcode_after_header":"","ocean_has_shortcode":"","ocean_shortcode_after_title":"","ocean_shortcode_before_footer_widgets":"","ocean_shortcode_after_footer_widgets":"","ocean_shortcode_before_footer_bottom":"","ocean_shortcode_after_footer_bottom":"","ocean_display_top_bar":"default","ocean_display_header":"default","ocean_header_style":"","ocean_center_header_left_menu":"0","ocean_custom_header_template":"0","ocean_custom_logo":0,"ocean_custom_retina_logo":0,"ocean_custom_logo_max_width":0,"ocean_custom_logo_tablet_max_width":0,"ocean_custom_logo_mobile_max_width":0,"ocean_custom_logo_max_height":0,"ocean_custom_logo_tablet_max_height":0,"ocean_custom_logo_mobile_max_height":0,"ocean_header_custom_menu":"0","ocean_menu_typo_font_family":"0","ocean_menu_typo_font_subset":"","ocean_menu_typo_font_size":0,"ocean_menu_typo_font_size_tablet":0,"ocean_menu_typo_font_size_mobile":0,"ocean_menu_typo_font_size_unit":"px","ocean_menu_typo_font_weight":"","ocean_menu_typo_font_weight_tablet":"","ocean_menu_typo_font_weight_mobile":"","ocean_menu_typo_transform":"","ocean_menu_typo_transform_tablet":"","ocean_menu_typo_transform_mobile":"","ocean_menu_typo_line_height":0,"ocean_menu_typo_line_height_tablet":0,"ocean_menu_typo_line_height_mobile":0,"ocean_menu_typo_line_height_unit":"","ocean_menu_typo_spacing":0,"ocean_menu_typo_spacing_tablet":0,"ocean_menu_typo_spacing_mobile":0,"ocean_menu_typo_spacing_unit":"","ocean_menu_link_color":"","ocean_menu_link_color_hover":"","ocean_menu_link_color_active":"","ocean_menu_link_background":"","ocean_menu_link_hover_background":"","ocean_menu_link_active_background":"","ocean_menu_social_links_bg":"","ocean_menu_social_hover_links_bg":"","ocean_menu_social_links_color":"","ocean_menu_social_hover_links_color":"","ocean_disable_title":"default","ocean_disable_heading":"default","ocean_post_title":"","ocean_post_subheading":"","ocean_post_title_style":"","ocean_post_title_background_color":"","ocean_post_title_background":0,"ocean_post_title_bg_image_position":"","ocean_post_title_bg_image_attachment":"","ocean_post_title_bg_image_repeat":"","ocean_post_title_bg_image_size":"","ocean_post_title_height":0,"ocean_post_title_bg_overlay":0.5,"ocean_post_title_bg_overlay_color":"","ocean_disable_breadcrumbs":"default","ocean_breadcrumbs_color":"","ocean_breadcrumbs_separator_color":"","ocean_breadcrumbs_links_color":"","ocean_breadcrumbs_links_hover_color":"","ocean_display_footer_widgets":"default","ocean_display_footer_bottom":"default","ocean_custom_footer_template":"0","footnotes":""},"class_list":["post-13","page","type-page","status-publish","hentry","entry"],"_links":{"self":[{"href":"https:\/\/asc.sciencespo-lille.eu\/index.php\/wp-json\/wp\/v2\/pages\/13","targetHints":{"allow":["GET"]}}],"collection":[{"href":"https:\/\/asc.sciencespo-lille.eu\/index.php\/wp-json\/wp\/v2\/pages"}],"about":[{"href":"https:\/\/asc.sciencespo-lille.eu\/index.php\/wp-json\/wp\/v2\/types\/page"}],"author":[{"embeddable":true,"href":"https:\/\/asc.sciencespo-lille.eu\/index.php\/wp-json\/wp\/v2\/users\/1"}],"replies":[{"embeddable":true,"href":"https:\/\/asc.sciencespo-lille.eu\/index.php\/wp-json\/wp\/v2\/comments?post=13"}],"version-history":[{"count":7,"href":"https:\/\/asc.sciencespo-lille.eu\/index.php\/wp-json\/wp\/v2\/pages\/13\/revisions"}],"predecessor-version":[{"id":363,"href":"https:\/\/asc.sciencespo-lille.eu\/index.php\/wp-json\/wp\/v2\/pages\/13\/revisions\/363"}],"wp:attachment":[{"href":"https:\/\/asc.sciencespo-lille.eu\/index.php\/wp-json\/wp\/v2\/media?parent=13"}],"curies":[{"name":"wp","href":"https:\/\/api.w.org\/{rel}","templated":true}]}}